{"id":465,"date":"2025-05-30T10:06:28","date_gmt":"2025-05-30T08:06:28","guid":{"rendered":"https:\/\/hausamkogl.at\/?page_id=465"},"modified":"2025-09-29T21:09:45","modified_gmt":"2025-09-29T19:09:45","slug":"fruehstueckskisterl","status":"publish","type":"page","link":"https:\/\/hausamkogl.at\/index.php\/fruehstueckskisterl\/","title":{"rendered":"Fr\u00fchst\u00fcckskisterl"},"content":{"rendered":"\t\t<div data-elementor-type=\"wp-page\" data-elementor-id=\"465\" class=\"elementor elementor-465\" data-elementor-post-type=\"page\">\n\t\t\t\t<div class=\"elementor-element elementor-element-be396e6 e-flex e-con-boxed e-con e-parent\" data-id=\"be396e6\" data-element_type=\"container\" data-e-type=\"container\">\n\t\t\t\t\t<div class=\"e-con-inner\">\n\t\t\t\t<div class=\"elementor-element elementor-element-827d74f elementor-align-left elementor-mobile-align-center elementor-widget elementor-widget-button\" data-id=\"827d74f\" data-element_type=\"widget\" data-e-type=\"widget\" data-widget_type=\"button.default\">\n\t\t\t\t<div class=\"elementor-widget-container\">\n\t\t\t\t\t\t\t\t\t<div class=\"elementor-button-wrapper\">\n\t\t\t\t\t<a class=\"elementor-button elementor-button-link elementor-size-sm\" href=\"https:\/\/hausamkogl.at\">\n\t\t\t\t\t\t<span class=\"elementor-button-content-wrapper\">\n\t\t\t\t\t\t\t\t\t<span class=\"elementor-button-text\">Zur\u00fcck<\/span>\n\t\t\t\t\t<\/span>\n\t\t\t\t\t<\/a>\n\t\t\t\t<\/div>\n\t\t\t\t\t\t\t\t<\/div>\n\t\t\t\t<\/div>\n\t\t\t\t\t<\/div>\n\t\t\t\t<\/div>\n\t\t<div class=\"elementor-element elementor-element-6e42571 e-flex e-con-boxed e-con e-parent\" data-id=\"6e42571\" data-element_type=\"container\" data-e-type=\"container\" data-settings=\"{&quot;background_background&quot;:&quot;classic&quot;}\">\n\t\t\t\t\t<div class=\"e-con-inner\">\n\t\t<div class=\"elementor-element elementor-element-384f168 e-con-full e-flex e-con e-child\" data-id=\"384f168\" data-element_type=\"container\" data-e-type=\"container\">\n\t\t<div class=\"elementor-element elementor-element-6222f69 e-con-full e-flex elementor-invisible e-con e-child\" data-id=\"6222f69\" data-element_type=\"container\" data-e-type=\"container\" data-settings=\"{&quot;animation&quot;:&quot;fadeIn&quot;,&quot;animation_tablet&quot;:&quot;fadeIn&quot;,&quot;animation_mobile&quot;:&quot;fadeIn&quot;}\">\n\t\t\t\t<div class=\"elementor-element elementor-element-b5f786c elementor-widget elementor-widget-heading\" data-id=\"b5f786c\" data-element_type=\"widget\" data-e-type=\"widget\" data-widget_type=\"heading.default\">\n\t\t\t\t<div class=\"elementor-widget-container\">\n\t\t\t\t\t<h2 class=\"elementor-heading-title elementor-size-default\">Fr\u00fchst\u00fcckskisterl<\/h2>\t\t\t\t<\/div>\n\t\t\t\t<\/div>\n\t\t\t\t<div class=\"elementor-element elementor-element-a719d07 elementor-widget__width-initial elementor-widget elementor-widget-heading\" data-id=\"a719d07\" data-element_type=\"widget\" data-e-type=\"widget\" data-widget_type=\"heading.default\">\n\t\t\t\t<div class=\"elementor-widget-container\">\n\t\t\t\t\t<h3 class=\"elementor-heading-title elementor-size-default\">Es stehen 6 verschiedene\n\nFr\u00fchst\u00fcckskisterl zur Verf\u00fcgung:<\/h3>\t\t\t\t<\/div>\n\t\t\t\t<\/div>\n\t\t\t\t<div class=\"elementor-element elementor-element-5b83ed2 elementor-widget elementor-widget-text-editor\" data-id=\"5b83ed2\" data-element_type=\"widget\" data-e-type=\"widget\" data-widget_type=\"text-editor.default\">\n\t\t\t\t<div class=\"elementor-widget-container\">\n\t\t\t\t\t\t\t\t\t<ul><li><strong>Genie\u00dfer<br \/><\/strong>Verschiedenes aus Schinken, Wurst &amp; K\u00e4se, mit Gem\u00fcse &amp; Obst garniert, k\u00f6stlicher hausgemachter Aufstrich, Marmelade, Honig, dazu gibt es ein regionales Ei<\/li><li><strong>K\u00e4sevariation<br \/><\/strong>verschiedene K\u00e4sesorten, mit Gem\u00fcse &amp; Obst garniert, k\u00f6stlicher hausgemachter Aufstrich, Marmelade, Honig, dazu gibt es ein regionales Ei<\/li><li><strong>Lachs<br \/><\/strong>k\u00f6stlicher R\u00e4ucherlachs, mit Gem\u00fcse &amp; Obst garniert, K\u00e4se, Butter &amp; hausgemachtem Eiaufstrich<\/li><\/ul><ul><li><strong>S\u00fc\u00dfes<br \/><\/strong>Marmelade, Honig, Nutella, Obstsalat und Bircher M\u00fcsli<\/li><li><strong>Veganes<br \/><\/strong>mit veganem Aufstrich aus unserer Region, Gem\u00fcse, Bircher M\u00fcsli vegan, Obstsalat<\/li><li><strong>Kinderfr\u00fchst\u00fcck<br \/><\/strong>Butter, Marmelade, Nutella, Joghurtgl\u00e4schen mit M\u00fcsli &amp; Fr\u00fcchten,<br \/>+ Kids \u00dcberraschung<\/li><li><strong>Individuelles Fr\u00fchst\u00fcck<br \/><\/strong>Andrea Gro\u00df bereitet f\u00fcr Sie individuelle Fr\u00fchst\u00fccksplatten zu \u2013 ma\u00dfgeschneidert auf Ihre Vorlieben und Bed\u00fcrfnisse. Der Preis variiert je nach Auswahl. Anfrage gen\u00fcgt.<\/li><\/ul><p><strong><br \/>Geb\u00e4ck:<\/strong> zur Auswahl stehen Semmerl, Brotscheibe, Kornsemmerl, Kornspitz, Kipferl, Dinkelweckerl, Toskanaweckerl, K\u00fcrbiskernweckerl, Nuss Croissant, Butter Croissant, Topfentascherl, Brioche Zopf, Rosinenweckerl<\/p><p><strong><br \/>Milch (auch vegan) und Kaffee<\/strong> ist bei allen Fr\u00fchst\u00fccksvarianten inbegriffen<\/p><p><strong><br \/>Frizzante oder Champagner<\/strong> auf Anfrage<\/p><p>Der Preis pro Fr\u00fchst\u00fcck liegt bei ca. EUR 26,- (kann je nach Geb\u00e4ckauswahl geringf\u00fcgig variieren), das Kinderfr\u00fchst\u00fcck kostet EUR 19,-.<br \/>Bezahlung des Fr\u00fchst\u00fcckes bitte direkt vor Ort an Andrea Gross, Nah&amp;Frisch oder im Nachhinein per Rechnung.<\/p><p>Fr\u00fchst\u00fcckbestellung bitte bis sp\u00e4testens <strong>12:00 Uhr<\/strong> am Vortag.<\/p><p>Vielen Dank!<\/p><p>Zustellung bis <strong>08:30 Uhr.<\/strong><\/p><p>\ud83d\udccd \u00a0 Nah&amp;Frisch Gross<br \/>\u00a0 \u00a0 \u00a0 \u00a0Wernersdorf 70, 8551 Wies<br \/>\ud83d\udcde \u00a0 Bestellung unter: +43 664 2324184<\/p><p><a href=\"mailto:nahversorger.gross@gmx.at\" target=\"_blank\" rel=\"noopener\">\ud83d\udce7 \u00a0 nahversorger.gross@gmx.at<\/a><br \/>\ud83c\udf10 \u00a0 www.<a href=\"https:\/\/www.nahundfrisch.at\/de\/kaufmann\/gross\">nahundfrisch.at<\/a><\/p>\t\t\t\t\t\t\t\t<\/div>\n\t\t\t\t<\/div>\n\t\t\t\t<\/div>\n\t\t\t\t<\/div>\n\t\t<div class=\"elementor-element elementor-element-ab37d17 e-con-full e-flex e-con e-child\" data-id=\"ab37d17\" data-element_type=\"container\" data-e-type=\"container\">\n\t\t\t\t<div class=\"elementor-element elementor-element-f286f78 elementor-widget elementor-widget-image\" data-id=\"f286f78\" data-element_type=\"widget\" data-e-type=\"widget\" data-widget_type=\"image.default\">\n\t\t\t\t<div class=\"elementor-widget-container\">\n\t\t\t\t\t\t\t\t\t\t\t\t\t\t\t<img fetchpriority=\"high\" decoding=\"async\" width=\"786\" height=\"727\" src=\"https:\/\/hausamkogl.at\/wp-content\/uploads\/2025\/08\/2025_HausamKoglKarte_Frueh.png\" class=\"attachment-large size-large wp-image-952\" alt=\"\" srcset=\"https:\/\/hausamkogl.at\/wp-content\/uploads\/2025\/08\/2025_HausamKoglKarte_Frueh.png 786w, https:\/\/hausamkogl.at\/wp-content\/uploads\/2025\/08\/2025_HausamKoglKarte_Frueh-300x277.png 300w, https:\/\/hausamkogl.at\/wp-content\/uploads\/2025\/08\/2025_HausamKoglKarte_Frueh-768x710.png 768w\" sizes=\"(max-width: 786px) 100vw, 786px\" \/>\t\t\t\t\t\t\t\t\t\t\t\t\t\t\t<\/div>\n\t\t\t\t<\/div>\n\t\t\t\t<\/div>\n\t\t\t\t\t<\/div>\n\t\t\t\t<\/div>\n\t\t\t\t<\/div>\n\t\t","protected":false},"excerpt":{"rendered":"<p>Zur\u00fcck Fr\u00fchst\u00fcckskisterl Es stehen 6 verschiedene Fr\u00fchst\u00fcckskisterl zur Verf\u00fcgung: Genie\u00dferVerschiedenes aus Schinken, Wurst &amp; K\u00e4se, mit Gem\u00fcse &amp; Obst garniert, k\u00f6stlicher hausgemachter Aufstrich, Marmelade, Honig, dazu gibt es ein regionales Ei K\u00e4sevariationverschiedene K\u00e4sesorten, mit Gem\u00fcse &amp; Obst garniert, k\u00f6stlicher hausgemachter Aufstrich, Marmelade, Honig, dazu gibt es ein regionales Ei Lachsk\u00f6stlicher R\u00e4ucherlachs, mit Gem\u00fcse &amp; Obst [&hellip;]<\/p>\n","protected":false},"author":1,"featured_media":0,"parent":0,"menu_order":0,"comment_status":"closed","ping_status":"closed","template":"","meta":{"footnotes":""},"class_list":["post-465","page","type-page","status-publish","hentry"],"acf":[],"_links":{"self":[{"href":"https:\/\/hausamkogl.at\/index.php\/wp-json\/wp\/v2\/pages\/465","targetHints":{"allow":["GET"]}}],"collection":[{"href":"https:\/\/hausamkogl.at\/index.php\/wp-json\/wp\/v2\/pages"}],"about":[{"href":"https:\/\/hausamkogl.at\/index.php\/wp-json\/wp\/v2\/types\/page"}],"author":[{"embeddable":true,"href":"https:\/\/hausamkogl.at\/index.php\/wp-json\/wp\/v2\/users\/1"}],"replies":[{"embeddable":true,"href":"https:\/\/hausamkogl.at\/index.php\/wp-json\/wp\/v2\/comments?post=465"}],"version-history":[{"count":73,"href":"https:\/\/hausamkogl.at\/index.php\/wp-json\/wp\/v2\/pages\/465\/revisions"}],"predecessor-version":[{"id":1565,"href":"https:\/\/hausamkogl.at\/index.php\/wp-json\/wp\/v2\/pages\/465\/revisions\/1565"}],"wp:attachment":[{"href":"https:\/\/hausamkogl.at\/index.php\/wp-json\/wp\/v2\/media?parent=465"}],"curies":[{"name":"wp","href":"https:\/\/api.w.org\/{rel}","templated":true}]}}