{"id":3,"date":"2025-03-31T12:37:35","date_gmt":"2025-03-31T10:37:35","guid":{"rendered":"https:\/\/hausamkogl.at\/?page_id=3"},"modified":"2025-09-28T22:27:41","modified_gmt":"2025-09-28T20:27:41","slug":"datenschutzerklaerung","status":"publish","type":"page","link":"https:\/\/hausamkogl.at\/index.php\/datenschutzerklaerung\/","title":{"rendered":"Datenschutzerkl\u00e4rung"},"content":{"rendered":"\t\t<div data-elementor-type=\"wp-page\" data-elementor-id=\"3\" class=\"elementor elementor-3\" data-elementor-post-type=\"page\">\n\t\t\t\t<div class=\"elementor-element elementor-element-9324490 e-flex e-con-boxed e-con e-parent\" data-id=\"9324490\" data-element_type=\"container\" data-e-type=\"container\">\n\t\t\t\t\t<div class=\"e-con-inner\">\n\t\t\t\t<div class=\"elementor-element elementor-element-6063a4a elementor-align-left elementor-mobile-align-center elementor-widget elementor-widget-button\" data-id=\"6063a4a\" data-element_type=\"widget\" data-e-type=\"widget\" data-widget_type=\"button.default\">\n\t\t\t\t<div class=\"elementor-widget-container\">\n\t\t\t\t\t\t\t\t\t<div class=\"elementor-button-wrapper\">\n\t\t\t\t\t<a class=\"elementor-button elementor-button-link elementor-size-sm\" href=\"https:\/\/hausamkogl.at\">\n\t\t\t\t\t\t<span class=\"elementor-button-content-wrapper\">\n\t\t\t\t\t\t\t\t\t<span class=\"elementor-button-text\">Zur\u00fcck<\/span>\n\t\t\t\t\t<\/span>\n\t\t\t\t\t<\/a>\n\t\t\t\t<\/div>\n\t\t\t\t\t\t\t\t<\/div>\n\t\t\t\t<\/div>\n\t\t\t\t\t<\/div>\n\t\t\t\t<\/div>\n\t\t<div class=\"elementor-element elementor-element-71a9b55 e-flex e-con-boxed e-con e-parent\" data-id=\"71a9b55\" data-element_type=\"container\" data-e-type=\"container\">\n\t\t\t\t\t<div class=\"e-con-inner\">\n\t\t\t\t<div class=\"elementor-element elementor-element-8816f96 elementor-widget elementor-widget-text-editor\" data-id=\"8816f96\" data-element_type=\"widget\" data-e-type=\"widget\" data-widget_type=\"text-editor.default\">\n\t\t\t\t<div class=\"elementor-widget-container\">\n\t\t\t\t\t\t\t\t\t<h2>Datenschutzerkl\u00e4rung<\/h2><p><strong>Stand:<\/strong> 05.06.2025<\/p><p><strong><br \/>Datenschutz ist uns ein Anliegen.<\/strong><br \/>Wir verarbeiten Ihre personenbezogenen Daten ausschlie\u00dflich auf Grundlage der gesetzlichen<br \/>Bestimmungen (insbesondere DSGVO und TKG 2003). Nachfolgend informieren wir Sie \u00fcber Art,<br \/>Umfang und Zweck der Erhebung und Verarbeitung personenbezogener Daten im Rahmen<br \/>dieser Website sowie der Vermietung von Ferienunterk\u00fcnften.<\/p><p><strong><br \/>1. Verantwortlicher im Sinne der DSGVO<\/strong><\/p><p>\u00a0<\/p><p><strong>HHD AG, S\u00e4gereistrasse 27, <\/strong><strong>CH 8152 Glattbrugg<\/strong><\/p><p><strong>Telefon: +41 43 810 91 91<\/strong> <br \/><strong>E-Mail: info@interhome.ch<\/strong><\/p><p>\u00a0<\/p><p>Datenschutzkoordinator f\u00fcr HHD AG: Andreas Benz <br \/>DSB@interhome.com oder DPO@interhome.com<\/p><p>\u00a0<\/p><p>Vertreter gem. Art. 27 DSGVO: Rechtsanwalt Prof. Clemens Pustejovsky <br \/>Wallstr. 6, D-79098 Freiburg, Tel. +497612168680 <br \/>DSB@interchalet.com oder DPO@interchalet.com<\/p><p>\u00a0<\/p><p>Die Vermietung der Ferienunterk\u00fcnfte erfolgt in der Regel durch Interhome f\u00fcr Versicherungspartner Immo GmbH im Namen und Auftrag der jeweiligen Eigent\u00fcmer. In Einzelf\u00e4llen wird die Vermietung direkt durch den Eigent\u00fcmer der Unterkunft durchgef\u00fchrt. In solchen F\u00e4llen tritt der jeweilige Eigent\u00fcmer \u2013 <strong>Versicherungspartner Immo GmbH<\/strong>, Rupertgasse 26, 5020 Salzburg \u2013 ebenfalls als datenschutzrechtlich Verantwortlicher auf.<\/p><p>\u00a0<\/p><p><strong>2. Datenverarbeitung im Rahmen von Buchungen<\/strong><\/p><p>Zur Bearbeitung von Anfragen, Buchungen und Aufenthalten ist die Verarbeitung<br \/>personenbezogener Daten erforderlich. Die Verarbeitung erfolgt auf Grundlage von Art. 6 Abs. 1<br \/>lit. b DSGVO (Vertragserf\u00fcllung) sowie \u2013 sofern gesetzlich erforderlich \u2013 Art. 6 Abs. 1 lit. c DSGVO<br \/>(z. B. Meldedaten).<\/p><p>\u00a0<\/p><p><strong>Verarbeitete Daten k\u00f6nnen u. a. folgende Kategorien umfassen:<\/strong><\/p><p>\uf0b7 Name, Adresse und Kontaktdaten<br \/>\uf0b7 Aufenthaltszeitraum und Unterkunft<br \/>\uf0b7 Zahlungsdaten<br \/>\uf0b7 Geburtsdaten (f\u00fcr Melderegister)<br \/>\uf0b7 Kommunikation im Rahmen der Buchung<\/p><p>\u00a0<\/p><p><strong>Empf\u00e4nger dieser Daten k\u00f6nnen sein:<\/strong><\/p><p>\uf0b7 Eigent\u00fcmer der jeweiligen Unterkunft<br \/>\uf0b7 Buchungsplattformen (z. B. Booking.com, Airbnb)<br \/>\uf0b7 Leistungstr\u00e4ger f\u00fcr touristische Zusatzangebote<br \/>\uf0b7 IT-Dienstleister (z. B. Websitehosting, Buchungssystem)<br \/>\uf0b7 \u00d6ffentliche Stellen und Beh\u00f6rden (z. B. Meldebeh\u00f6rden, Finanzbeh\u00f6rden)<\/p><p>\u00a0<\/p><p><strong>Hinweis bei Buchung durch Dritte:<\/strong><\/p><p>Wenn eine Buchung nicht durch die betro\u01afene Person selbst, sondern z. B. durch einen<br \/>Gruppenleiter oder Reiseveranstalter erfolgt, ist dieser verpflichtet, die betro\u01afenen Personen<br \/>\u00fcber die Datenverarbeitung gem\u00e4\u00df dieser Datenschutzerkl\u00e4rung zu informieren.<\/p><p>\u00a0<\/p><p><strong>Daten\u00fcbermittlung zur Kurtaxe:<\/strong> <br \/>Sofern gesetzlich vorgeschrieben, erhalten wir von der Agentur bestimmte Daten zur Weiterleitung an die zust\u00e4ndige Tourismusbeh\u00f6rde (z.\u2009B. Namen, Aufenthaltsdauer, Personenzahl). Diese Verarbeitung erfolgt ausschlie\u00dflich zur Erf\u00fcllung gesetzlicher P\ufb02ichten gem\u00e4\u00df Art. 6 Abs. 1 lit. c DSGVO.<\/p><p>\u00a0<\/p><p><strong>3. Cookies<\/strong><\/p><p>Unsere Website verwendet ausschlie\u00dflich technisch notwendige Cookies, um grundlegende<br \/>Funktionen sicherzustellen (z. B. Navigation, Buchungsformular). Diese Cookies sind f\u00fcr den<br \/>Betrieb der Website erforderlich und erfordern keine Einwilligung gem\u00e4\u00df \u00a7 165 Abs. 3 TKG 2021<br \/>bzw. Art. 6 Abs. 1 lit. f DSGVO.<\/p><p>\u00a0<\/p><p>Wir setzen <strong>keine Tracking-, Marketing- oder Analyse-Cookies<\/strong> ein. Daher ist keine Cookie-<br \/>Einwilligungsleiste erforderlich.<\/p><p>\u00a0<\/p><p><strong>4. Ihre Rechte laut DSGVO<\/strong><\/p><p>\u00a0<\/p><p>Sie haben das Recht auf:<\/p><p>\u00a0<\/p><p>\uf0b7 <strong>Auskunft<\/strong> \u00fcber Ihre gespeicherten Daten (Art. 15 DSGVO)<br \/>\uf0b7 <strong>Berichtigung<\/strong> unrichtiger Daten (Art. 16 DSGVO)<br \/>\uf0b7 <strong>L\u00f6schung<\/strong> (Art. 17 DSGVO), sofern keine gesetzlichen Aufbewahrungspflichten<br \/>entgegenstehen<br \/>\uf0b7 <strong>Einschr\u00e4nkung<\/strong> der Verarbeitung (Art. 18 DSGVO)<br \/>\uf0b7 <strong>Daten\u00fcbertragbarkeit<\/strong> (Art. 20 DSGVO)<br \/>\uf0b7 <strong>Widerspruch<\/strong> gegen die Verarbeitung (Art. 21 DSGVO)<br \/>\uf0b7 <strong>Widerruf<\/strong> erteilter Einwilligungen (Art. 7 Abs. 3 DSGVO)<\/p><p>\u00a0<\/p><p>Zur Aus\u00fcbung dieser Rechte wenden Sie sich bitte an:<\/p><p>\u00a0<\/p><p><strong>HHD AG, S\u00e4gereistrasse 27, <\/strong><\/p><p><strong>CH 8152 Glattbrugg <\/strong><\/p><p><strong>Telefon: +41 43 810 91 91 <br \/>E-Mail: info@interhome.ch<\/strong><\/p><p>\u00a0<\/p><p><strong>5. Beschwerderecht bei der Aufsichtsbeh\u00f6rde<\/strong><\/p><p>Wenn Sie der Ansicht sind, dass die Verarbeitung Ihrer Daten gegen das Datenschutzrecht<br \/>verst\u00f6\u00dft oder Ihre datenschutzrechtlichen Anspr\u00fcche verletzt worden sind, k\u00f6nnen Sie sich bei<br \/>der zust\u00e4ndigen Datenschutzbeh\u00f6rde beschweren:<\/p><p>\u00a0<\/p><p><strong>\u00d6sterreichische Datenschutzbeh\u00f6rde<\/strong><br \/>Barichgasse 40\u201342, 1030 Wien<br \/>E-Mail: dsb@dsb.gv.at<br \/>Web: www.dsb.gv.at<\/p><p><!-- \/wp:paragraph --><\/p>\t\t\t\t\t\t\t\t<\/div>\n\t\t\t\t<\/div>\n\t\t\t\t\t<\/div>\n\t\t\t\t<\/div>\n\t\t\t\t<\/div>\n\t\t","protected":false},"excerpt":{"rendered":"<p>Zur\u00fcck Datenschutzerkl\u00e4rung Stand: 05.06.2025 Datenschutz ist uns ein Anliegen.Wir verarbeiten Ihre personenbezogenen Daten ausschlie\u00dflich auf Grundlage der gesetzlichenBestimmungen (insbesondere DSGVO und TKG 2003). Nachfolgend informieren wir Sie \u00fcber Art,Umfang und Zweck der Erhebung und Verarbeitung personenbezogener Daten im Rahmendieser Website sowie der Vermietung von Ferienunterk\u00fcnften. 1. Verantwortlicher im Sinne der DSGVO \u00a0 HHD AG, S\u00e4gereistrasse [&hellip;]<\/p>\n","protected":false},"author":1,"featured_media":0,"parent":0,"menu_order":0,"comment_status":"closed","ping_status":"closed","template":"","meta":{"footnotes":""},"class_list":["post-3","page","type-page","status-publish","hentry"],"acf":[],"_links":{"self":[{"href":"https:\/\/hausamkogl.at\/index.php\/wp-json\/wp\/v2\/pages\/3","targetHints":{"allow":["GET"]}}],"collection":[{"href":"https:\/\/hausamkogl.at\/index.php\/wp-json\/wp\/v2\/pages"}],"about":[{"href":"https:\/\/hausamkogl.at\/index.php\/wp-json\/wp\/v2\/types\/page"}],"author":[{"embeddable":true,"href":"https:\/\/hausamkogl.at\/index.php\/wp-json\/wp\/v2\/users\/1"}],"replies":[{"embeddable":true,"href":"https:\/\/hausamkogl.at\/index.php\/wp-json\/wp\/v2\/comments?post=3"}],"version-history":[{"count":12,"href":"https:\/\/hausamkogl.at\/index.php\/wp-json\/wp\/v2\/pages\/3\/revisions"}],"predecessor-version":[{"id":1545,"href":"https:\/\/hausamkogl.at\/index.php\/wp-json\/wp\/v2\/pages\/3\/revisions\/1545"}],"wp:attachment":[{"href":"https:\/\/hausamkogl.at\/index.php\/wp-json\/wp\/v2\/media?parent=3"}],"curies":[{"name":"wp","href":"https:\/\/api.w.org\/{rel}","templated":true}]}}